{"id":429,"date":"2024-07-23T09:31:51","date_gmt":"2024-07-23T09:31:51","guid":{"rendered":"https:\/\/joinusto.com\/wordpress\/?page_id=429"},"modified":"2024-09-16T11:22:46","modified_gmt":"2024-09-16T11:22:46","slug":"dcsc-hano","status":"publish","type":"page","link":"https:\/\/joinusto.com\/wordpress\/dcsc-hano\/","title":{"rendered":"DCSC [HANO]"},"content":{"rendered":"\n<div class=\"wp-block-cover has-border-color\" style=\"border-color:#000000;border-width:1px;border-radius:1000px;min-height:121px;aspect-ratio:unset;\"><span aria-hidden=\"true\" class=\"wp-block-cover__background has-background-dim\"><\/span><img loading=\"lazy\" decoding=\"async\" width=\"359\" height=\"71\" class=\"wp-block-cover__image-background wp-image-431\" alt=\"\" src=\"https:\/\/joinusto.com\/wordpress\/wp-content\/uploads\/2024\/05\/image-94.png\" style=\"object-position:77% 35%\" data-object-fit=\"cover\" data-object-position=\"77% 35%\"\/><div class=\"wp-block-cover__inner-container is-layout-flow wp-block-cover-is-layout-flow\">\n<p class=\"has-text-align-center has-large-font-size\"><\/p>\n\n\n\n<figure class=\"wp-block-image aligncenter size-full is-resized has-custom-border is-style-rounded is-style-rounded--1\"><img loading=\"lazy\" decoding=\"async\" width=\"1701\" height=\"710\" src=\"https:\/\/joinusto.com\/wordpress\/wp-content\/uploads\/2024\/05\/image-118.png\" alt=\"\" class=\"has-border-color has-contrast-border-color wp-image-582\" style=\"border-width:1px;border-radius:10px;width:390px;height:auto\"\/><\/figure>\n<\/div><\/div>\n\n\n\n<p><strong><mark style=\"background-color:rgba(0, 0, 0, 0);color:#a4a4a4\" class=\"has-inline-color\">D<\/mark>egradation <mark style=\"background-color:rgba(0, 0, 0, 0);color:#a4a4a4\" class=\"has-inline-color\">C<\/mark>MTS <mark style=\"background-color:rgba(0, 0, 0, 0);color:#a4a4a4\" class=\"has-inline-color\">S<\/mark>NRs <mark style=\"background-color:rgba(0, 0, 0, 0);color:#a4a4a4\" class=\"has-inline-color\">C<\/mark>Hs<\/strong> <strong>(<mark style=\"background-color:rgba(0, 0, 0, 0);color:#a4a4a4\" class=\"has-inline-color\">DCSC<\/mark>)<\/strong><\/p>\n\n\n\n<p class=\"has-drop-cap\">Herramienta de monitorizaci\u00f3n de seguimiento del par\u00e1metro de la SNR.Ds, como indicador de QoS de los Service Groups (SG) en DS. Calcula el AVG SNR.Ds de CMs eDocsis 3.0 por cada CH en DS, en cada Service Group (SG) y a su vez cada \u00c1rea HFC de NF, que pertenece al SG, dentro de las CMTS.<\/p>\n\n\n\n<p>El sistema bakend de HANO, recopila datos cada hora, del 30% de los CMs de la planta, repartidos por todos los amplificadores de la red, igual que se hace en el resto de herramientas HFC para HANO.<\/p>\n\n\n\n<p><strong>Service Groups<\/strong><\/p>\n\n\n\n<p>Conjunto de \u00c1reas HFC de NF, que reciben el mismo broadcast de Datos y TV, con origen en el HUB del Nodo Primario (NP). Forman un conjunto de \u00c1reas HFC, con la misma se\u00f1al en Ds, para todas.<\/p>\n\n\n\n<figure class=\"wp-block-image size-full\"><img loading=\"lazy\" decoding=\"async\" width=\"665\" height=\"416\" src=\"https:\/\/joinusto.com\/wordpress\/wp-content\/uploads\/2024\/09\/image-1.png\" alt=\"\" class=\"wp-image-858\"\/><\/figure>\n\n\n\n<p><strong>IC Ranking DCSC<\/strong><\/p>\n\n\n\n<p>El c\u00e1lculo del ranking, por Service Group en CMTS, viene determinado por los \u00edndices de criticidad <strong>ICs<\/strong>, que se calculan para el AVG del SNR.DS por CH Ds. <\/p>\n\n\n\n<p>Este <strong>IC <\/strong>por SG, se calcula dividiendo el broadcast en bandas de uso en downstream por CHs edocsis. Cada banda nos dar\u00e1 un peso que nos definir\u00e1 la QoS de cada porci\u00f3n de uso en downstream. Las bandas de uso, las divido en 4 bandas (300, 600, 700 y 800 MHz).<\/p>\n\n\n\n<p>Para cada Banda, calculamos el n\u00ba de CHs que tienen su SNR.Ds, por debajo de del umbral definido, y calculamos el % de CHs FR, respecto a los CHs totales en esa banda.<\/p>\n\n\n\n<ul class=\"wp-block-list\">\n<li class=\"has-small-font-size\"><em><mark style=\"background-color:rgba(0, 0, 0, 0);color:#f60404\" class=\"has-inline-color\">Peso_300<\/mark><\/em> = (<mark style=\"background-color:rgba(0, 0, 0, 0);color:#f60404\" class=\"has-inline-color\">N\u00baCHs_FR_300<\/mark> * 100\/<mark style=\"background-color:rgba(0, 0, 0, 0);color:#f60404\" class=\"has-inline-color\">N\u00baCHs_TOT_300<\/mark>)<\/li>\n\n\n\n<li class=\"has-small-font-size\"><em><mark style=\"background-color:rgba(0, 0, 0, 0);color:#5cf505\" class=\"has-inline-color\">Peso_600<\/mark><\/em> = (<mark style=\"background-color:rgba(0, 0, 0, 0);color:#5cf505\" class=\"has-inline-color\">N\u00baCHs_FR_600<\/mark> * 100\/<mark style=\"background-color:rgba(0, 0, 0, 0);color:#5cf505\" class=\"has-inline-color\">N\u00baCHs_TOT_600<\/mark>)<\/li>\n\n\n\n<li class=\"has-small-font-size\"><em><mark style=\"background-color:rgba(0, 0, 0, 0);color:#05ccf5\" class=\"has-inline-color\">Peso_700<\/mark><\/em> = (<mark style=\"background-color:rgba(0, 0, 0, 0);color:#05ccf5\" class=\"has-inline-color\">N\u00baCHs_FR_700<\/mark> * 100\/<mark style=\"background-color:rgba(0, 0, 0, 0);color:#05ccf5\" class=\"has-inline-color\">N\u00baCHs_TOT_700<\/mark>)<\/li>\n\n\n\n<li class=\"has-small-font-size\"><em><mark style=\"background-color:rgba(0, 0, 0, 0);color:#ef05f5\" class=\"has-inline-color\">Peso_800<\/mark><\/em> = (<mark style=\"background-color:rgba(0, 0, 0, 0);color:#ef05f5\" class=\"has-inline-color\">N\u00baCHs_FR_800<\/mark> * 100\/<mark style=\"background-color:rgba(0, 0, 0, 0);color:#ef05f5\" class=\"has-inline-color\">N\u00baCHs_TOT_800<\/mark>)<\/li>\n<\/ul>\n\n\n\n<p>Para cada SG calculamos un peso total, en funci\u00f3n de los 4 pesos por bandas de uso, que nos dar\u00e1 un poso total que denomino <strong>IC<\/strong>, dentro del conjunto de SGs:<\/p>\n\n\n\n<p style=\"font-size:clamp(0.875rem, 0.875rem + ((1vw - 0.2rem) * 0.042), 0.9rem);\"><strong><em>IC<\/em><\/strong> = (<mark style=\"background-color:rgba(0, 0, 0, 0);color:#f60404\" class=\"has-inline-color\">N\u00baCHs_FR_300<\/mark>+<mark style=\"background-color:rgba(0, 0, 0, 0);color:#5cf505\" class=\"has-inline-color\">N\u00baCHs_FR_600<\/mark>+<mark style=\"background-color:rgba(0, 0, 0, 0);color:#05ccf5\" class=\"has-inline-color\">N\u00baCHs_FR_700<\/mark>+<mark style=\"background-color:rgba(0, 0, 0, 0);color:#ef05f5\" class=\"has-inline-color\">N\u00baCHs_FR_800<\/mark>)*100\/(<mark style=\"background-color:rgba(0, 0, 0, 0);color:#f60404\" class=\"has-inline-color\">N\u00baCHs_TOT_300<\/mark>+<mark style=\"background-color:rgba(0, 0, 0, 0);color:#5cf505\" class=\"has-inline-color\">N\u00baCHs_TOT_600<\/mark>+<mark style=\"background-color:rgba(0, 0, 0, 0);color:#05ccf5\" class=\"has-inline-color\">N\u00baCHs_TOT_700<\/mark>+<mark style=\"background-color:rgba(0, 0, 0, 0);color:#ef05f5\" class=\"has-inline-color\">N\u00baCHs_TOT_800<\/mark>)<\/p>\n\n\n\n<p>En el an\u00e1lisis obtenemos la banda\/as degradada\/as, as\u00ed como el ranking total de SG ordenados por IC.<\/p>\n\n\n\n<p>Con este <strong>IC <\/strong>por SG, obtenemos un ranking calculado para <strong>tres<\/strong> y <strong>siete <\/strong>d\u00edas, para diferenciar desviaciones recientes, de desviaciones que lleven periodos de tiempo m\u00e1s largos.<\/p>\n\n\n\n<figure class=\"wp-block-table aligncenter is-style-stripes\"><table class=\"has-border-color has-contrast-border-color has-fixed-layout\" style=\"border-width:1px\"><tbody><tr><td><img decoding=\"async\" src=\"https:\/\/joinusto.com\/wordpress\/wp-content\/uploads\/2024\/05\/Captura-de-pantalla-2024-05-26-a-las-17.22.48.png\" alt=\"\" style=\"width: 600px;\"><\/td><\/tr><tr><td><img decoding=\"async\" src=\"https:\/\/joinusto.com\/wordpress\/wp-content\/uploads\/2024\/05\/Captura-de-pantalla-2024-05-26-a-las-17.27.36.png\" alt=\"\" style=\"width: 600px;\"><\/td><\/tr><\/tbody><\/table><\/figure>\n\n\n\n<p>Detalle del listado de SG, ordenadas por <strong>IC<\/strong> y <strong>Avg SNR.Ds<\/strong>, que en funci\u00f3n del nivel de AVG SNR.Ds por CH, pasa por diferentes grados de color, de rojo ha azulado, calculado para las ventanas de tiempo, de tres o siete d\u00edas:<\/p>\n\n\n\n<figure class=\"wp-block-image alignwide size-full has-custom-border is-style-rounded is-style-rounded--2\"><img loading=\"lazy\" decoding=\"async\" width=\"1701\" height=\"710\" src=\"https:\/\/joinusto.com\/wordpress\/wp-content\/uploads\/2024\/05\/image-118.png\" alt=\"\" class=\"wp-image-582\" style=\"border-width:1px;border-radius:10px\"\/><figcaption class=\"wp-element-caption\"><em>Ranking de SG para 3 o 7 d\u00edas<\/em><\/figcaption><\/figure>\n\n\n\n<p>En el mismo an\u00e1lisis se ve como contribuyen al SG las diferentes \u00c1reas HFC de NF, pudiendo ver un problema en el conjunto de \u00e1reas o uno en particular:<\/p>\n\n\n\n<figure class=\"wp-block-image size-full has-custom-border is-style-rounded is-style-rounded--3\"><img loading=\"lazy\" decoding=\"async\" width=\"729\" height=\"128\" src=\"https:\/\/joinusto.com\/wordpress\/wp-content\/uploads\/2024\/05\/image-102.png\" alt=\"\" class=\"has-border-color has-contrast-border-color wp-image-483\" style=\"border-width:1px\"\/><\/figure>\n\n\n\n<p><strong>Ejemplo de uso basado en un caso real:<\/strong><\/p>\n\n\n\n<p>A continuaci\u00f3n vemos un ejemplo, donde una degradaci\u00f3n de las SNRs.Ds en varias de las bandas definidas (600 y 700 MHz), comprometiendo la QoS por la bajada de sus SNR.Ds sobre los servicios. La degradaci\u00f3n de la SNR.Ds, se detecta en una de las \u00c1reas HFC de un NF, que pertenece a uno de los SG.<\/p>\n\n\n\n<figure class=\"wp-block-image alignwide size-full has-custom-border is-style-rounded is-style-rounded--4\"><img loading=\"lazy\" decoding=\"async\" width=\"1636\" height=\"118\" src=\"https:\/\/joinusto.com\/wordpress\/wp-content\/uploads\/2024\/05\/image-113.png\" alt=\"\" class=\"has-border-color wp-image-570\" style=\"border-color:#000000;border-width:1px;border-radius:10px\"\/><figcaption class=\"wp-element-caption\"><em>Degradaciones SNR.DS por Bandas de Frecuencia<\/em><\/figcaption><\/figure>\n\n\n\n<figure class=\"wp-block-image size-full has-custom-border is-style-rounded is-style-rounded--5\"><img loading=\"lazy\" decoding=\"async\" width=\"726\" height=\"463\" src=\"https:\/\/joinusto.com\/wordpress\/wp-content\/uploads\/2024\/05\/image-111.png\" alt=\"\" class=\"wp-image-567\" style=\"border-width:1px;border-radius:10px\"\/><figcaption class=\"wp-element-caption\"><em>Detalle de las <\/em>d<em>egradaciones SNR.DS por Bandas de Frecuencia<\/em><\/figcaption><\/figure>\n\n\n\n<p>Marcando la SNR.Ds por el 1er CH de cada banda (300, 600 y 700 MHz), se puede apreciar la diferencia de SNR.Ds que hay entre las tres bandas de frecuencia a nivel de <em><strong>historical performance<\/strong><\/em>.<\/p>\n\n\n\n<figure class=\"wp-block-image size-full has-custom-border is-style-rounded is-style-rounded--6\"><img loading=\"lazy\" decoding=\"async\" width=\"736\" height=\"305\" src=\"https:\/\/joinusto.com\/wordpress\/wp-content\/uploads\/2024\/05\/image-112.png\" alt=\"\" class=\"has-border-color has-contrast-border-color wp-image-568\" style=\"border-width:1px;border-radius:10px\"\/><figcaption class=\"wp-element-caption\"><em>Historical performance de la \u00faltima sema<\/em><\/figcaption><\/figure>\n\n\n\n<figure class=\"wp-block-image size-full has-custom-border is-style-rounded is-style-rounded--7\"><img loading=\"lazy\" decoding=\"async\" width=\"708\" height=\"297\" src=\"https:\/\/joinusto.com\/wordpress\/wp-content\/uploads\/2024\/05\/image-110.png\" alt=\"\" class=\"has-border-color has-contrast-border-color wp-image-566\" style=\"border-width:1px;border-radius:10px\"\/><figcaption class=\"wp-element-caption\"><em>Historical performance del \u00faltimo mes<\/em><\/figcaption><\/figure>\n\n\n\n<p>Otro aspecto a tener en cuenta, es si las RXs de esos CHs por Banda est\u00e1n en niveles nominales, o est\u00e1n fuera de ventana. Revisando las RXs con las SNRs en el <em><strong>historical performance<\/strong><\/em>, vemos variaciones donde sube la RX y mejora la SNR, apreciando que las RXs para los CHs con problemas de SNR, est\u00e1n bajas.<\/p>\n\n\n\n<figure class=\"wp-block-image size-full has-custom-border is-style-rounded is-style-rounded--8\"><img loading=\"lazy\" decoding=\"async\" width=\"702\" height=\"432\" src=\"https:\/\/joinusto.com\/wordpress\/wp-content\/uploads\/2024\/05\/image-115.png\" alt=\"\" class=\"has-border-color wp-image-575\" style=\"border-color:#000000;border-width:1px;border-radius:10px\"\/><figcaption class=\"wp-element-caption\"><em>Historical performance de la \u00faltima sema<\/em>, <em>donde apreciamos variaciones de RX y SNR<\/em><\/figcaption><\/figure>\n\n\n\n<p>Para ver de manera r\u00e1pida en detalle esta degradaci\u00f3n, se puede utilizar la herramienta de HANO, <strong><a href=\"https:\/\/joinusto.com\/wordpress\/?page_id=590\">ASAD<\/a> <\/strong>(<em>Analysis Spectrum Analyzer Downsteam<\/em>). <\/p>\n\n\n\n<p>Comprobamos la respuesta en frecuencia de todas las Bandas en downstream, comparando las \u00c1reas HFC de NF por SG de CMTS.<\/p>\n\n\n\n<p>Usando en ASAD la respuesta AVG de todos los Spectrum Analyzer por \u00c1rea HFC, podemos observar la siguiente \u00abvariaci\u00f3n\u00bb, sobre las dos \u00c1reas HFC de NF del SG:<\/p>\n\n\n\n<figure class=\"wp-block-image alignwide size-full is-style-rounded is-style-rounded--9\"><img loading=\"lazy\" decoding=\"async\" width=\"1536\" height=\"694\" src=\"https:\/\/joinusto.com\/wordpress\/wp-content\/uploads\/2024\/05\/image-117.png\" alt=\"\" class=\"wp-image-580\"\/><figcaption class=\"wp-element-caption\"><em>ASAD: Analisis de las dos \u00e1reas HFC de NF, que pertenecen a un mismo SG<\/em>.<\/figcaption><\/figure>\n\n\n\n<p>Todos los CPEs con Spectrum Analyzer muestran la misma respuesta en frecuencia en las bandas de uso de 600 y 700 MHz. Un mismo elemento de Red para todos ellos, es el causante de dicha respuesta en frecuencia. El problema debe ubicarse entre la salida del NF, hasta el \u00faltimo elemento com\u00fan a todos ellos.<\/p>\n\n\n\n<p>Habr\u00eda que determinar mediante una OT a campo, si el problema est\u00e1 en la etapa de salida del NF, o es el cable de Coaxial de la salida del NF, o un 1er Amplificador de apoyo.<\/p>\n\n\n\n<hr class=\"wp-block-separator has-alpha-channel-opacity is-style-dots\"\/>\n\n\n\n<figure class=\"wp-block-table aligncenter is-style-regular\"><table class=\"has-base-background-color has-background\" style=\"border-style:none;border-width:0px\"><tbody><tr><td><img loading=\"lazy\" decoding=\"async\" width=\"70\" height=\"64\" class=\"wp-image-206\" style=\"width: 70px;\" src=\"https:\/\/joinusto.com\/wordpress\/wp-content\/uploads\/2024\/05\/yo.png\" alt=\"\"><\/td><td><em>by Iv\u00e1n Rodr\u00edguez Corujo<\/em><\/td><td><\/td><\/tr><\/tbody><\/table><\/figure>\n\n\n\n<div class=\"wp-block-group alignfull has-contrast-color has-text-color is-vertical is-content-justification-center is-layout-flex wp-container-core-group-is-layout-f306f087 wp-block-group-is-layout-flex\" style=\"min-height:40vh;margin-top:0;margin-bottom:0;padding-top:var(--wp--preset--spacing--60);padding-right:var(--wp--preset--spacing--50);padding-bottom:var(--wp--preset--spacing--60);padding-left:var(--wp--preset--spacing--50)\">\n<p class=\"has-text-align-center has-medium-font-size\"><strong><a href=\"https:\/\/joinusto.com\/wordpress\/?page_id=209\">VOLVER<\/a><\/strong><\/p>\n<\/div>\n","protected":false},"excerpt":{"rendered":"<p>Degradation CMTS SNRs CHs (DCSC) Herramienta de monitorizaci\u00f3n de seguimiento del par\u00e1metro de la SNR.Ds, como indicador de QoS de los Service Groups (SG) en DS. Calcula el AVG SNR.Ds de CMs eDocsis 3.0 por cada CH en DS, en cada Service Group (SG) y a su vez cada \u00c1rea HFC de NF, que pertenece [&hellip;]<\/p>\n","protected":false},"author":1,"featured_media":0,"parent":0,"menu_order":0,"comment_status":"closed","ping_status":"closed","template":"","meta":{"footnotes":""},"class_list":["post-429","page","type-page","status-publish","hentry"],"_links":{"self":[{"href":"https:\/\/joinusto.com\/wordpress\/wp-json\/wp\/v2\/pages\/429","targetHints":{"allow":["GET"]}}],"collection":[{"href":"https:\/\/joinusto.com\/wordpress\/wp-json\/wp\/v2\/pages"}],"about":[{"href":"https:\/\/joinusto.com\/wordpress\/wp-json\/wp\/v2\/types\/page"}],"author":[{"embeddable":true,"href":"https:\/\/joinusto.com\/wordpress\/wp-json\/wp\/v2\/users\/1"}],"replies":[{"embeddable":true,"href":"https:\/\/joinusto.com\/wordpress\/wp-json\/wp\/v2\/comments?post=429"}],"version-history":[{"count":53,"href":"https:\/\/joinusto.com\/wordpress\/wp-json\/wp\/v2\/pages\/429\/revisions"}],"predecessor-version":[{"id":862,"href":"https:\/\/joinusto.com\/wordpress\/wp-json\/wp\/v2\/pages\/429\/revisions\/862"}],"wp:attachment":[{"href":"https:\/\/joinusto.com\/wordpress\/wp-json\/wp\/v2\/media?parent=429"}],"curies":[{"name":"wp","href":"https:\/\/api.w.org\/{rel}","templated":true}]}}